{"id":29,"date":"2019-05-03T13:52:56","date_gmt":"2019-05-03T11:52:56","guid":{"rendered":"http:\/\/kerners-dresden.de\/?page_id=29"},"modified":"2024-08-28T14:25:49","modified_gmt":"2024-08-28T12:25:49","slug":"impressum","status":"publish","type":"page","link":"https:\/\/kerners-dresden.de\/2019\/09\/12\/finissage-zum-weinfest-in-meissen\/impressum\/","title":{"rendered":"Impressum"},"content":{"rendered":"\n<p><a href=\"#Datenschutz\">Datenschutz<\/a><\/p>\n\n\n\n<p> Angaben gem. \u00a7 5 TMG<\/p>\n\n\n\n<p>Betreiber:<br>Dresdner M\u00e4nnerquintett \u00bbDie Kerners\u00ab <br>Telefonnummer: + 49 351 8108855<br>E-Mail-Adresse: info@kerners-dresden.de<\/p>\n\n\n\n<p>Vertretung:<br>Dresdner M\u00e4nnerquintett \u00bbDie Kerners\u00ab <br>c\/o Christoph Springer<br>Henricistra\u00dfe 13, 01199 Dresden<\/p>\n\n\n\n<p>Verantwortlicher f\u00fcr journalistisch-redaktionelle Inhalte gem. \u00a7 55 II RstV:<br>Freies Lektorat \u00bbwortform\u00ab Dresden, Andre Gl\u00f6ckner<br>E-Mail: info@wortform-dresden.de<br>Website: www.wortform-dresden.de<\/p>\n\n\n\n<p><strong>Bilder und Grafiken:<\/strong><br>Angaben der Quelle f\u00fcr verwendetes Bilder- und Grafikmaterial:<br>\u00a9 \u00bbDie Kerners\u00ab | Fotos: Ralf U. Heinrich, Kerstin Lippold, Sandra Anders, Andre Gl\u00f6ckner, Christoph Springer<br>Online-Streitbeilegung gem\u00e4\u00df Art. 14 Abs. 1 ODR-VO<br>Die Europ\u00e4ische Kommission stellt eine Plattform zur Online-Streitbeilegung (OS) bereit, die Sie unter http:\/\/ec.europa.eu\/consumers\/odr\/ finden.<\/p>\n\n\n\n<p><strong>Webmaster<\/strong><br> Martin Feistel<br> E-Mail: webmaster@kerners-dresden.de<\/p>\n\n\n\n<h3 class=\"wp-block-heading\"><a name=\"Datenschutz\" id=\"Datenschutz\">Datenschutz<\/a><\/h3>\n\n\n\n<p>Die Betreiber dieser Seiten nehmen den Schutz Ihrer pers\u00f6nlichen Daten sehr ernst. Wir behandeln Ihre personenbezogenen Daten vertraulich und entsprechend den gesetzlichen Datenschutzvorschriften sowie dieser Datenschutzerkl\u00e4rung. Die Nutzung unserer Website ist in der Regel ohne Angabe personenbezogener Daten m\u00f6glich. Soweit auf unseren Seiten personenbezogene Daten (beispielsweise Name, Anschrift oder E-Mail-Adressen) erhoben werden, erfolgt dies, soweit m\u00f6glich, stets auf freiwilliger Basis. Diese Daten werden ohne Ihre ausdr\u00fcckliche Zustimmung nicht an Dritte weitergegeben. Wir weisen darauf hin, dass die Daten\u00fcbertragung im Internet (z. B. bei der Kommunikation per E-Mail) Sicherheitsl\u00fccken aufweisen kann. Ein l\u00fcckenloser Schutz der Daten vor dem Zugriff durch Dritte ist nicht m\u00f6glich. <\/p>\n\n\n\n<p><strong>Recht auf Auskunft, L\u00f6schung, Sperrung <\/strong><br> Sie haben jederzeit das Recht auf unentgeltliche Auskunft \u00fcber Ihre gespeicherten personenbezogenen Daten, deren Herkunft und Empf\u00e4nger und den Zweck der Datenverarbeitung sowie ein Recht auf Berichtigung, Sperrung oder L\u00f6schung dieser Daten. Hierzu sowie zu weiteren Fragen zum Thema personenbezogene Daten k\u00f6nnen Sie sich jederzeit unter der im Impressum angegebenen Adresse an uns wenden. <\/p>\n\n\n\n<p><strong>Widerspruch Werbe-Mails <\/strong><br> Der Nutzung von im Rahmen der Impressumspflicht ver\u00f6ffentlichten Kontaktdaten zur \u00dcbersendung von nicht ausdr\u00fccklich angeforderter Werbung und Informationsmaterialien wird hiermit widersprochen. Die Betreiber der Seiten behalten sich ausdr\u00fccklich rechtliche Schritte im Falle der unverlangten Zusendung von Werbeinformationen, etwa durch Spam-E-Mails, vor.<\/p>\n","protected":false},"excerpt":{"rendered":"<p>Datenschutz Angaben gem. \u00a7 5 TMG Betreiber:Dresdner M\u00e4nnerquintett \u00bbDie Kerners\u00ab Telefonnummer: + 49 351 8108855E-Mail-Adresse: info@kerners-dresden.de Vertretung:Dresdner M\u00e4nnerquintett \u00bbDie Kerners\u00ab c\/o Christoph SpringerHenricistra\u00dfe 13, 01199 Dresden Verantwortlicher f\u00fcr journalistisch-redaktionelle Inhalte gem. \u00a7 55 II RstV:Freies Lektorat \u00bbwortform\u00ab Dresden, Andre Gl\u00f6cknerE-Mail: info@wortform-dresden.deWebsite: www.wortform-dresden.de Bilder und Grafiken:Angaben der Quelle f\u00fcr verwendetes Bilder- und Grafikmaterial:\u00a9 \u00bbDie Kerners\u00ab | [&hellip;]<\/p>\n","protected":false},"author":1,"featured_media":0,"parent":0,"menu_order":0,"comment_status":"closed","ping_status":"closed","template":"","meta":{"footnotes":""},"class_list":["post-29","page","type-page","status-publish","hentry"],"_links":{"self":[{"href":"https:\/\/kerners-dresden.de\/2019\/09\/12\/finissage-zum-weinfest-in-meissen\/wp-json\/wp\/v2\/pages\/29"}],"collection":[{"href":"https:\/\/kerners-dresden.de\/2019\/09\/12\/finissage-zum-weinfest-in-meissen\/wp-json\/wp\/v2\/pages"}],"about":[{"href":"https:\/\/kerners-dresden.de\/2019\/09\/12\/finissage-zum-weinfest-in-meissen\/wp-json\/wp\/v2\/types\/page"}],"author":[{"embeddable":true,"href":"https:\/\/kerners-dresden.de\/2019\/09\/12\/finissage-zum-weinfest-in-meissen\/wp-json\/wp\/v2\/users\/1"}],"replies":[{"embeddable":true,"href":"https:\/\/kerners-dresden.de\/2019\/09\/12\/finissage-zum-weinfest-in-meissen\/wp-json\/wp\/v2\/comments?post=29"}],"version-history":[{"count":10,"href":"https:\/\/kerners-dresden.de\/2019\/09\/12\/finissage-zum-weinfest-in-meissen\/wp-json\/wp\/v2\/pages\/29\/revisions"}],"predecessor-version":[{"id":524,"href":"https:\/\/kerners-dresden.de\/2019\/09\/12\/finissage-zum-weinfest-in-meissen\/wp-json\/wp\/v2\/pages\/29\/revisions\/524"}],"wp:attachment":[{"href":"https:\/\/kerners-dresden.de\/2019\/09\/12\/finissage-zum-weinfest-in-meissen\/wp-json\/wp\/v2\/media?parent=29"}],"curies":[{"name":"wp","href":"https:\/\/api.w.org\/{rel}","templated":true}]}}