{"id":11,"date":"2019-05-03T13:39:44","date_gmt":"2019-05-03T11:39:44","guid":{"rendered":"http:\/\/kerners-dresden.de\/?page_id=11"},"modified":"2024-08-28T14:20:59","modified_gmt":"2024-08-28T12:20:59","slug":"portrait-html","status":"publish","type":"page","link":"https:\/\/kerners-dresden.de\/2019\/09\/12\/finissage-zum-weinfest-in-meissen\/portrait-html\/","title":{"rendered":"Wir \u00fcber uns"},"content":{"rendered":"\n<p><strong>Saftig, mit lebendiger S\u00e4ure und gelegentlich w\u00fcrziger Note&#8230;<\/strong><\/p>\n\n\n<div class=\"wp-block-image\">\n<figure class=\"alignleft size-large is-resized\"><img loading=\"lazy\" decoding=\"async\" width=\"703\" height=\"1024\" src=\"https:\/\/kerners-dresden.de\/wp-content\/uploads\/2024\/08\/2011_09_Naumburg__036_Traube_cut-703x1024.jpg\" alt=\"\" class=\"wp-image-508\" style=\"width:282px;height:auto\" srcset=\"https:\/\/kerners-dresden.de\/wp-content\/uploads\/2024\/08\/2011_09_Naumburg__036_Traube_cut-703x1024.jpg 703w, https:\/\/kerners-dresden.de\/wp-content\/uploads\/2024\/08\/2011_09_Naumburg__036_Traube_cut-206x300.jpg 206w, https:\/\/kerners-dresden.de\/wp-content\/uploads\/2024\/08\/2011_09_Naumburg__036_Traube_cut-768x1119.jpg 768w, https:\/\/kerners-dresden.de\/wp-content\/uploads\/2024\/08\/2011_09_Naumburg__036_Traube_cut-1054x1536.jpg 1054w, https:\/\/kerners-dresden.de\/wp-content\/uploads\/2024\/08\/2011_09_Naumburg__036_Traube_cut-1405x2048.jpg 1405w, https:\/\/kerners-dresden.de\/wp-content\/uploads\/2024\/08\/2011_09_Naumburg__036_Traube_cut-scaled.jpg 1757w\" sizes=\"(max-width: 703px) 100vw, 703px\" \/><\/figure><\/div>\n\n\n<p class=\"has-text-align-left\">&#8230; so kommt der KERNER daher. Der markante Elbwein gedeiht seit den 1960er-\u00adJahren auf den hiesigen Weinh\u00e4ngen als wichtig\u00adste Neuz\u00fcchtung in Sachsen. Womit sich schon mal erstens das Alter und zweitens die Herkunft beider \u00bbKerners\u00ab mehrheitlich verbinden. Und drittens ist es die Musik, zu der Namenspatron Justinus KERNER, ein schw\u00e4bischer Dichter, manch fr\u00f6hliches Liedlein schrieb.<strong><a href=\"https:\/\/de-livepages.strato.com\/wizard\/w4\/manageContentLinkObject.jsp?pos=11524785&amp;\"> <\/a><\/strong><\/p>\n\n\n\n<p class=\"has-text-align-left\"><strong>Der kernige Name<\/strong>&nbsp;flog  dem seinerzeit noch namenlosen Quartett an einem Sommerabend in Seiferts  Weinberg in der L\u00f6\u00dfnitz zu und empfahl sich als Programm. <\/p>\n\n\n\n<figure class=\"wp-block-image size-large wp-duotone-unset-1\"><img loading=\"lazy\" decoding=\"async\" width=\"1024\" height=\"198\" src=\"https:\/\/kerners-dresden.de\/wp-content\/uploads\/2024\/08\/2024_08_Kerners_1614_01_cut-1-scaled-e1724847647788-1024x198.jpg\" alt=\"\" class=\"wp-image-516\" srcset=\"https:\/\/kerners-dresden.de\/wp-content\/uploads\/2024\/08\/2024_08_Kerners_1614_01_cut-1-scaled-e1724847647788-1024x198.jpg 1024w, https:\/\/kerners-dresden.de\/wp-content\/uploads\/2024\/08\/2024_08_Kerners_1614_01_cut-1-scaled-e1724847647788-300x58.jpg 300w, https:\/\/kerners-dresden.de\/wp-content\/uploads\/2024\/08\/2024_08_Kerners_1614_01_cut-1-scaled-e1724847647788-768x148.jpg 768w, https:\/\/kerners-dresden.de\/wp-content\/uploads\/2024\/08\/2024_08_Kerners_1614_01_cut-1-scaled-e1724847647788-1536x296.jpg 1536w, https:\/\/kerners-dresden.de\/wp-content\/uploads\/2024\/08\/2024_08_Kerners_1614_01_cut-1-scaled-e1724847647788-2048x395.jpg 2048w\" sizes=\"(max-width: 1024px) 100vw, 1024px\" \/><figcaption class=\"wp-element-caption\"><strong>Die \u00bbKerners\u00ab<\/strong>, im Kern sind das (Foto v.\u00a0r.): Andre Gl\u00f6ckner \/ 2. Bass, Klaus Knoch \/ 1. Bass, Martin Feistel\u00a0\/ 2. Tenor, Stephan Lehmann und Christoph Springer \/ 1. Tenor, als Gast Valentin Jende\u00a0\/ 1. Tenor. Die Herren singen seit Jahren in verschiedenen Dresdner Ch\u00f6ren und seit 2012 gemeinsam in ihrer Freizeit und zu ihrer Freude. Mit musikalischen Gen\u00fcssen verf\u00fchren die S\u00e4nger ihr geneigtes Publikum zu \u00bbWein, Weib und Gesang\u00ab \u2013 mit Liebesliedern und Trinkliedern von der Renaissance \u00fcber die Romantik bis hin zur Unterhaltungskultur des 20. Jahrhunderts und unserer Tage. Aber auch feierliche und ernstere Anl\u00e4sse gestaltet das M\u00e4nnerquartett mit geistlicher und weltlicher Chormusik aus einem ausgew\u00e4hlten Repertoire.<\/figcaption><\/figure>\n\n\n\n<p class=\"has-text-align-left\"><\/p>\n\n\n<pre><!--StartFragment--><\/pre>\n<p><!--EndFragment--><\/p>","protected":false},"excerpt":{"rendered":"<p>Saftig, mit lebendiger S\u00e4ure und gelegentlich w\u00fcrziger Note&#8230; &#8230; so kommt der KERNER daher. Der markante Elbwein gedeiht seit den 1960er-\u00adJahren auf den hiesigen Weinh\u00e4ngen als wichtig\u00adste Neuz\u00fcchtung in Sachsen. Womit sich schon mal erstens das Alter und zweitens die Herkunft beider \u00bbKerners\u00ab mehrheitlich verbinden. Und drittens ist es die Musik, zu der Namenspatron Justinus [&hellip;]<\/p>\n","protected":false},"author":1,"featured_media":195,"parent":0,"menu_order":0,"comment_status":"closed","ping_status":"closed","template":"","meta":{"footnotes":""},"class_list":["post-11","page","type-page","status-publish","has-post-thumbnail","hentry"],"_links":{"self":[{"href":"https:\/\/kerners-dresden.de\/2019\/09\/12\/finissage-zum-weinfest-in-meissen\/wp-json\/wp\/v2\/pages\/11"}],"collection":[{"href":"https:\/\/kerners-dresden.de\/2019\/09\/12\/finissage-zum-weinfest-in-meissen\/wp-json\/wp\/v2\/pages"}],"about":[{"href":"https:\/\/kerners-dresden.de\/2019\/09\/12\/finissage-zum-weinfest-in-meissen\/wp-json\/wp\/v2\/types\/page"}],"author":[{"embeddable":true,"href":"https:\/\/kerners-dresden.de\/2019\/09\/12\/finissage-zum-weinfest-in-meissen\/wp-json\/wp\/v2\/users\/1"}],"replies":[{"embeddable":true,"href":"https:\/\/kerners-dresden.de\/2019\/09\/12\/finissage-zum-weinfest-in-meissen\/wp-json\/wp\/v2\/comments?post=11"}],"version-history":[{"count":67,"href":"https:\/\/kerners-dresden.de\/2019\/09\/12\/finissage-zum-weinfest-in-meissen\/wp-json\/wp\/v2\/pages\/11\/revisions"}],"predecessor-version":[{"id":520,"href":"https:\/\/kerners-dresden.de\/2019\/09\/12\/finissage-zum-weinfest-in-meissen\/wp-json\/wp\/v2\/pages\/11\/revisions\/520"}],"wp:featuredmedia":[{"embeddable":true,"href":"https:\/\/kerners-dresden.de\/2019\/09\/12\/finissage-zum-weinfest-in-meissen\/wp-json\/wp\/v2\/media\/195"}],"wp:attachment":[{"href":"https:\/\/kerners-dresden.de\/2019\/09\/12\/finissage-zum-weinfest-in-meissen\/wp-json\/wp\/v2\/media?parent=11"}],"curies":[{"name":"wp","href":"https:\/\/api.w.org\/{rel}","templated":true}]}}